{"id":544,"date":"2020-12-29T18:45:20","date_gmt":"2020-12-29T17:45:20","guid":{"rendered":"http:\/\/carolineloeb.com\/?page_id=544"},"modified":"2025-02-19T19:50:48","modified_gmt":"2025-02-19T18:50:48","slug":"mes-annees-80","status":"publish","type":"page","link":"https:\/\/carolineloeb.com\/?page_id=544","title":{"rendered":"mes ann\u00e9es 80 &#8230;"},"content":{"rendered":"\t\t<div data-elementor-type=\"wp-page\" data-elementor-id=\"544\" class=\"elementor elementor-544\">\n\t\t\t\t\t\t<header class=\"elementor-section elementor-top-section elementor-element elementor-element-020d5ce elementor-section-boxed elementor-section-height-default elementor-section-height-default\" data-id=\"020d5ce\" data-element_type=\"section\" data-e-type=\"section\" data-settings=\"{&quot;background_background&quot;:&quot;classic&quot;}\">\n\t\t\t\t\t\t<div class=\"elementor-container elementor-column-gap-default\">\n\t\t\t\t\t<div class=\"elementor-column elementor-col-50 elementor-top-column elementor-element elementor-element-023ea70\" data-id=\"023ea70\" data-element_type=\"column\" data-e-type=\"column\">\n\t\t\t<div class=\"elementor-widget-wrap elementor-element-populated\">\n\t\t\t\t\t\t<div class=\"elementor-element elementor-element-8ceec8c elementor-widget elementor-widget-image\" data-id=\"8ceec8c\" data-element_type=\"widget\" data-e-type=\"widget\" data-widget_type=\"image.default\">\n\t\t\t\t<div class=\"elementor-widget-container\">\n\t\t\t\t\t\t\t\t\t\t\t\t\t\t\t\t<a href=\"http:\/\/carolineloeb.com\/\">\n\t\t\t\t\t\t\t<img fetchpriority=\"high\" decoding=\"async\" width=\"512\" height=\"512\" src=\"https:\/\/carolineloeb.com\/wp-content\/uploads\/2021\/01\/logo1.png\" class=\"attachment-full size-full wp-image-549\" alt=\"\" srcset=\"https:\/\/carolineloeb.com\/wp-content\/uploads\/2021\/01\/logo1.png 512w, https:\/\/carolineloeb.com\/wp-content\/uploads\/2021\/01\/logo1-300x300.png 300w, https:\/\/carolineloeb.com\/wp-content\/uploads\/2021\/01\/logo1-150x150.png 150w\" sizes=\"(max-width: 512px) 100vw, 512px\" \/>\t\t\t\t\t\t\t\t<\/a>\n\t\t\t\t\t\t\t\t\t\t\t\t\t\t\t<\/div>\n\t\t\t\t<\/div>\n\t\t\t\t\t<\/div>\n\t\t<\/div>\n\t\t\t\t<header class=\"elementor-column elementor-col-50 elementor-top-column elementor-element elementor-element-118ed07\" data-id=\"118ed07\" data-element_type=\"column\" data-e-type=\"column\">\n\t\t\t<div class=\"elementor-widget-wrap elementor-element-populated\">\n\t\t\t\t\t\t<div class=\"elementor-element elementor-element-fd88b6b eael_simple_menu_hamburger_disable_selected_menu_hide eael-simple-menu-hamburger-align-right eael-hamburger--tablet elementor-widget elementor-widget-eael-simple-menu\" data-id=\"fd88b6b\" data-element_type=\"widget\" data-e-type=\"widget\" data-widget_type=\"eael-simple-menu.default\">\n\t\t\t\t<div class=\"elementor-widget-container\">\n\t\t\t\t\t<style>\n                        @media screen and (max-width: 1024px) {\n                            .eael-hamburger--tablet {\n                                .eael-simple-menu-horizontal,\n                                .eael-simple-menu-vertical {\n                                    display: none;\n                                }\n                            }\n                            .eael-hamburger--tablet {\n                                .eael-simple-menu-container .eael-simple-menu-toggle {\n                                    display: block;\n                                }\n                            }\n                        }\n                        .eael-simple-menu-container.eael-simple-menu--loading > ul {\n                            display: -webkit-box !important;\n                            display: -ms-flexbox !important;\n                            display: flex !important;\n                            list-style: none !important;\n                        }\n                        .eael-simple-menu-container.eael-simple-menu--loading li ul {\n                            visibility: hidden !important;\n                            opacity: 0 !important;\n                        }\n                    <\/style>            <div data-hamburger-icon=\"&lt;i aria-hidden=&quot;true&quot; class=&quot;fas fa-bars&quot;&gt;&lt;\/i&gt;\" data-indicator-icon=\"&lt;i aria-hidden=&quot;true&quot; class=&quot;fas fa-angle-down&quot;&gt;&lt;\/i&gt;\" data-dropdown-indicator-icon=\"&lt;i class=&quot;fas fa-angle-down&quot;&gt;&lt;\/i&gt;\" class=\"eael-simple-menu-container eael-simple-menu--loading eael-simple-menu-align-right eael-simple-menu--stretch eael-simple-menu-dropdown-align-left preset-3\" data-hamburger-breakpoints=\"{&quot;mobile&quot;:&quot;Portrait mobile (&gt; 767px)&quot;,&quot;tablet&quot;:&quot;Tablette en mode portrait (&gt; 1024px)&quot;,&quot;desktop&quot;:&quot;Desktop (&gt; 2400px)&quot;,&quot;none&quot;:&quot;None&quot;}\" data-hamburger-device=\"tablet\">\n                <ul id=\"menu-menu-1\" class=\"eael-simple-menu eael-simple-menu-dropdown-animate-fade eael-simple-menu-indicator eael-simple-menu-horizontal\"><li id=\"menu-item-90\" class=\"menu-item menu-item-type-post_type menu-item-object-page menu-item-90\"><a href=\"https:\/\/carolineloeb.com\/?page_id=78\">Portfolio<\/a><\/li>\n<li id=\"menu-item-152\" class=\"menu-item menu-item-type-custom menu-item-object-custom menu-item-152\"><a target=\"_blank\" href=\"http:\/\/carolineloeb.blogspot.com\/\">Blog<\/a><\/li>\n<li id=\"menu-item-88\" class=\"menu-item menu-item-type-post_type menu-item-object-page menu-item-88\"><a href=\"https:\/\/carolineloeb.com\/?page_id=82\">Contacts<\/a><\/li>\n<li id=\"menu-item-154\" class=\"menu-item menu-item-type-post_type menu-item-object-page menu-item-154\"><a href=\"https:\/\/carolineloeb.com\/?page_id=84\">Dates de tourn\u00e9e<\/a><\/li>\n<li id=\"menu-item-157\" class=\"menu-item menu-item-type-post_type menu-item-object-page menu-item-157\"><a href=\"https:\/\/carolineloeb.com\/?page_id=155\">Dossiers de presse<\/a><\/li>\n<li id=\"menu-item-546\" class=\"menu-item menu-item-type-post_type menu-item-object-page menu-item-546\"><a href=\"https:\/\/carolineloeb.com\/?page_id=544\">Mes ann\u00e9es 80 \u2026<\/a><\/li>\n<\/ul>                <button class=\"eael-simple-menu-toggle\">\n                    <span class=\"sr-only \">Hamburger Toggle Menu<\/span>\n                    <i aria-hidden=\"true\" class=\"fas fa-bars\"><\/i>                <\/button>\n            <\/div>\n            \t\t\t\t<\/div>\n\t\t\t\t<\/div>\n\t\t\t\t\t<\/div>\n\t\t<\/header>\n\t\t\t\t\t<\/div>\n\t\t<\/header>\n\t\t\t\t<section class=\"elementor-section elementor-top-section elementor-element elementor-element-f39f715 elementor-section-boxed elementor-section-height-default elementor-section-height-default\" data-id=\"f39f715\" data-element_type=\"section\" data-e-type=\"section\">\n\t\t\t\t\t\t<div class=\"elementor-container elementor-column-gap-default\">\n\t\t\t\t\t<div class=\"elementor-column elementor-col-100 elementor-top-column elementor-element elementor-element-e0f8c32\" data-id=\"e0f8c32\" data-element_type=\"column\" data-e-type=\"column\">\n\t\t\t<div class=\"elementor-widget-wrap elementor-element-populated\">\n\t\t\t\t\t\t<div class=\"elementor-element elementor-element-0f96d63 elementor-widget elementor-widget-heading\" data-id=\"0f96d63\" data-element_type=\"widget\" data-e-type=\"widget\" data-widget_type=\"heading.default\">\n\t\t\t\t<div class=\"elementor-widget-container\">\n\t\t\t\t\t<h1 class=\"elementor-heading-title elementor-size-default\">aper\u00e7u de mes ann\u00e9es\n<br>80 de A \u00e0 Z<\/h1>\t\t\t\t<\/div>\n\t\t\t\t<\/div>\n\t\t\t\t\t<\/div>\n\t\t<\/div>\n\t\t\t\t\t<\/div>\n\t\t<\/section>\n\t\t\t\t<section class=\"elementor-section elementor-top-section elementor-element elementor-element-a2642f8 elementor-section-boxed elementor-section-height-default elementor-section-height-default\" data-id=\"a2642f8\" data-element_type=\"section\" data-e-type=\"section\">\n\t\t\t\t\t\t<div class=\"elementor-container elementor-column-gap-default\">\n\t\t\t\t\t<div class=\"elementor-column elementor-col-100 elementor-top-column elementor-element elementor-element-ebd76a4\" data-id=\"ebd76a4\" data-element_type=\"column\" data-e-type=\"column\">\n\t\t\t<div class=\"elementor-widget-wrap elementor-element-populated\">\n\t\t\t\t\t\t<div class=\"elementor-element elementor-element-622b58e gallery-spacing-custom elementor-widget elementor-widget-image-gallery\" data-id=\"622b58e\" data-element_type=\"widget\" data-e-type=\"widget\" data-widget_type=\"image-gallery.default\">\n\t\t\t\t<div class=\"elementor-widget-container\">\n\t\t\t\t\t\t\t<div class=\"elementor-image-gallery\">\n\t\t\t<div id='gallery-1' class='gallery galleryid-544 gallery-columns-3 gallery-size-full'><figure class='gallery-item'>\n\t\t\t<div class='gallery-icon landscape'>\n\t\t\t\t<img decoding=\"async\" width=\"2200\" height=\"1500\" src=\"https:\/\/carolineloeb.com\/wp-content\/uploads\/2021\/01\/mes_annees_80_book2.jpg\" class=\"attachment-full size-full\" alt=\"\" srcset=\"https:\/\/carolineloeb.com\/wp-content\/uploads\/2021\/01\/mes_annees_80_book2.jpg 2200w, https:\/\/carolineloeb.com\/wp-content\/uploads\/2021\/01\/mes_annees_80_book2-300x205.jpg 300w, https:\/\/carolineloeb.com\/wp-content\/uploads\/2021\/01\/mes_annees_80_book2-1024x698.jpg 1024w, https:\/\/carolineloeb.com\/wp-content\/uploads\/2021\/01\/mes_annees_80_book2-768x524.jpg 768w, https:\/\/carolineloeb.com\/wp-content\/uploads\/2021\/01\/mes_annees_80_book2-1536x1047.jpg 1536w, https:\/\/carolineloeb.com\/wp-content\/uploads\/2021\/01\/mes_annees_80_book2-2048x1396.jpg 2048w\" sizes=\"(max-width: 2200px) 100vw, 2200px\" \/>\n\t\t\t<\/div><\/figure><figure class='gallery-item'>\n\t\t\t<div class='gallery-icon landscape'>\n\t\t\t\t<img decoding=\"async\" width=\"2200\" height=\"1500\" src=\"https:\/\/carolineloeb.com\/wp-content\/uploads\/2021\/01\/mes_annees_80_book1.jpg\" class=\"attachment-full size-full\" alt=\"\" srcset=\"https:\/\/carolineloeb.com\/wp-content\/uploads\/2021\/01\/mes_annees_80_book1.jpg 2200w, https:\/\/carolineloeb.com\/wp-content\/uploads\/2021\/01\/mes_annees_80_book1-300x205.jpg 300w, https:\/\/carolineloeb.com\/wp-content\/uploads\/2021\/01\/mes_annees_80_book1-1024x698.jpg 1024w, https:\/\/carolineloeb.com\/wp-content\/uploads\/2021\/01\/mes_annees_80_book1-768x524.jpg 768w, https:\/\/carolineloeb.com\/wp-content\/uploads\/2021\/01\/mes_annees_80_book1-1536x1047.jpg 1536w, https:\/\/carolineloeb.com\/wp-content\/uploads\/2021\/01\/mes_annees_80_book1-2048x1396.jpg 2048w\" sizes=\"(max-width: 2200px) 100vw, 2200px\" \/>\n\t\t\t<\/div><\/figure><figure class='gallery-item'>\n\t\t\t<div class='gallery-icon landscape'>\n\t\t\t\t<img loading=\"lazy\" decoding=\"async\" width=\"2560\" height=\"1675\" src=\"https:\/\/carolineloeb.com\/wp-content\/uploads\/2021\/01\/page_174-scaled.jpg\" class=\"attachment-full size-full\" alt=\"\" srcset=\"https:\/\/carolineloeb.com\/wp-content\/uploads\/2021\/01\/page_174-scaled.jpg 2560w, https:\/\/carolineloeb.com\/wp-content\/uploads\/2021\/01\/page_174-300x196.jpg 300w, https:\/\/carolineloeb.com\/wp-content\/uploads\/2021\/01\/page_174-1024x670.jpg 1024w, https:\/\/carolineloeb.com\/wp-content\/uploads\/2021\/01\/page_174-768x502.jpg 768w, https:\/\/carolineloeb.com\/wp-content\/uploads\/2021\/01\/page_174-1536x1005.jpg 1536w, https:\/\/carolineloeb.com\/wp-content\/uploads\/2021\/01\/page_174-2048x1340.jpg 2048w\" sizes=\"(max-width: 2560px) 100vw, 2560px\" \/>\n\t\t\t<\/div><\/figure><figure class='gallery-item'>\n\t\t\t<div class='gallery-icon landscape'>\n\t\t\t\t<img loading=\"lazy\" decoding=\"async\" width=\"2560\" height=\"1675\" src=\"https:\/\/carolineloeb.com\/wp-content\/uploads\/2021\/01\/page_172-scaled.jpg\" class=\"attachment-full size-full\" alt=\"\" srcset=\"https:\/\/carolineloeb.com\/wp-content\/uploads\/2021\/01\/page_172-scaled.jpg 2560w, https:\/\/carolineloeb.com\/wp-content\/uploads\/2021\/01\/page_172-300x196.jpg 300w, https:\/\/carolineloeb.com\/wp-content\/uploads\/2021\/01\/page_172-1024x670.jpg 1024w, https:\/\/carolineloeb.com\/wp-content\/uploads\/2021\/01\/page_172-768x502.jpg 768w, https:\/\/carolineloeb.com\/wp-content\/uploads\/2021\/01\/page_172-1536x1005.jpg 1536w, https:\/\/carolineloeb.com\/wp-content\/uploads\/2021\/01\/page_172-2048x1340.jpg 2048w\" sizes=\"(max-width: 2560px) 100vw, 2560px\" \/>\n\t\t\t<\/div><\/figure><figure class='gallery-item'>\n\t\t\t<div class='gallery-icon landscape'>\n\t\t\t\t<img loading=\"lazy\" decoding=\"async\" width=\"2560\" height=\"1675\" src=\"https:\/\/carolineloeb.com\/wp-content\/uploads\/2021\/01\/page_168-scaled.jpg\" class=\"attachment-full size-full\" alt=\"\" srcset=\"https:\/\/carolineloeb.com\/wp-content\/uploads\/2021\/01\/page_168-scaled.jpg 2560w, https:\/\/carolineloeb.com\/wp-content\/uploads\/2021\/01\/page_168-300x196.jpg 300w, https:\/\/carolineloeb.com\/wp-content\/uploads\/2021\/01\/page_168-1024x670.jpg 1024w, https:\/\/carolineloeb.com\/wp-content\/uploads\/2021\/01\/page_168-768x502.jpg 768w, https:\/\/carolineloeb.com\/wp-content\/uploads\/2021\/01\/page_168-1536x1005.jpg 1536w, https:\/\/carolineloeb.com\/wp-content\/uploads\/2021\/01\/page_168-2048x1340.jpg 2048w\" sizes=\"(max-width: 2560px) 100vw, 2560px\" \/>\n\t\t\t<\/div><\/figure><figure class='gallery-item'>\n\t\t\t<div class='gallery-icon landscape'>\n\t\t\t\t<img loading=\"lazy\" decoding=\"async\" width=\"2560\" height=\"1675\" src=\"https:\/\/carolineloeb.com\/wp-content\/uploads\/2021\/01\/page_158-scaled.jpg\" class=\"attachment-full size-full\" alt=\"\" srcset=\"https:\/\/carolineloeb.com\/wp-content\/uploads\/2021\/01\/page_158-scaled.jpg 2560w, https:\/\/carolineloeb.com\/wp-content\/uploads\/2021\/01\/page_158-300x196.jpg 300w, https:\/\/carolineloeb.com\/wp-content\/uploads\/2021\/01\/page_158-1024x670.jpg 1024w, https:\/\/carolineloeb.com\/wp-content\/uploads\/2021\/01\/page_158-768x502.jpg 768w, https:\/\/carolineloeb.com\/wp-content\/uploads\/2021\/01\/page_158-1536x1005.jpg 1536w, https:\/\/carolineloeb.com\/wp-content\/uploads\/2021\/01\/page_158-2048x1340.jpg 2048w\" sizes=\"(max-width: 2560px) 100vw, 2560px\" \/>\n\t\t\t<\/div><\/figure><figure class='gallery-item'>\n\t\t\t<div class='gallery-icon landscape'>\n\t\t\t\t<img loading=\"lazy\" decoding=\"async\" width=\"2560\" height=\"1675\" src=\"https:\/\/carolineloeb.com\/wp-content\/uploads\/2021\/01\/page_144-scaled.jpg\" class=\"attachment-full size-full\" alt=\"\" srcset=\"https:\/\/carolineloeb.com\/wp-content\/uploads\/2021\/01\/page_144-scaled.jpg 2560w, https:\/\/carolineloeb.com\/wp-content\/uploads\/2021\/01\/page_144-300x196.jpg 300w, https:\/\/carolineloeb.com\/wp-content\/uploads\/2021\/01\/page_144-1024x670.jpg 1024w, https:\/\/carolineloeb.com\/wp-content\/uploads\/2021\/01\/page_144-768x502.jpg 768w, https:\/\/carolineloeb.com\/wp-content\/uploads\/2021\/01\/page_144-1536x1005.jpg 1536w, https:\/\/carolineloeb.com\/wp-content\/uploads\/2021\/01\/page_144-2048x1340.jpg 2048w\" sizes=\"(max-width: 2560px) 100vw, 2560px\" \/>\n\t\t\t<\/div><\/figure><figure class='gallery-item'>\n\t\t\t<div class='gallery-icon landscape'>\n\t\t\t\t<img loading=\"lazy\" decoding=\"async\" width=\"2560\" height=\"1675\" src=\"https:\/\/carolineloeb.com\/wp-content\/uploads\/2021\/01\/page_140-scaled.jpg\" class=\"attachment-full size-full\" alt=\"\" srcset=\"https:\/\/carolineloeb.com\/wp-content\/uploads\/2021\/01\/page_140-scaled.jpg 2560w, https:\/\/carolineloeb.com\/wp-content\/uploads\/2021\/01\/page_140-300x196.jpg 300w, https:\/\/carolineloeb.com\/wp-content\/uploads\/2021\/01\/page_140-1024x670.jpg 1024w, https:\/\/carolineloeb.com\/wp-content\/uploads\/2021\/01\/page_140-768x502.jpg 768w, https:\/\/carolineloeb.com\/wp-content\/uploads\/2021\/01\/page_140-1536x1005.jpg 1536w, https:\/\/carolineloeb.com\/wp-content\/uploads\/2021\/01\/page_140-2048x1340.jpg 2048w\" sizes=\"(max-width: 2560px) 100vw, 2560px\" \/>\n\t\t\t<\/div><\/figure><figure class='gallery-item'>\n\t\t\t<div class='gallery-icon landscape'>\n\t\t\t\t<img loading=\"lazy\" decoding=\"async\" width=\"2560\" height=\"1675\" src=\"https:\/\/carolineloeb.com\/wp-content\/uploads\/2021\/01\/page_120-Copie-scaled.jpg\" class=\"attachment-full size-full\" alt=\"\" srcset=\"https:\/\/carolineloeb.com\/wp-content\/uploads\/2021\/01\/page_120-Copie-scaled.jpg 2560w, https:\/\/carolineloeb.com\/wp-content\/uploads\/2021\/01\/page_120-Copie-300x196.jpg 300w, https:\/\/carolineloeb.com\/wp-content\/uploads\/2021\/01\/page_120-Copie-1024x670.jpg 1024w, https:\/\/carolineloeb.com\/wp-content\/uploads\/2021\/01\/page_120-Copie-768x502.jpg 768w, https:\/\/carolineloeb.com\/wp-content\/uploads\/2021\/01\/page_120-Copie-1536x1005.jpg 1536w, https:\/\/carolineloeb.com\/wp-content\/uploads\/2021\/01\/page_120-Copie-2048x1340.jpg 2048w\" sizes=\"(max-width: 2560px) 100vw, 2560px\" \/>\n\t\t\t<\/div><\/figure><figure class='gallery-item'>\n\t\t\t<div class='gallery-icon landscape'>\n\t\t\t\t<img loading=\"lazy\" decoding=\"async\" width=\"2560\" height=\"1675\" src=\"https:\/\/carolineloeb.com\/wp-content\/uploads\/2021\/01\/page_106-scaled.jpg\" class=\"attachment-full size-full\" alt=\"\" srcset=\"https:\/\/carolineloeb.com\/wp-content\/uploads\/2021\/01\/page_106-scaled.jpg 2560w, https:\/\/carolineloeb.com\/wp-content\/uploads\/2021\/01\/page_106-300x196.jpg 300w, https:\/\/carolineloeb.com\/wp-content\/uploads\/2021\/01\/page_106-1024x670.jpg 1024w, https:\/\/carolineloeb.com\/wp-content\/uploads\/2021\/01\/page_106-768x502.jpg 768w, https:\/\/carolineloeb.com\/wp-content\/uploads\/2021\/01\/page_106-1536x1005.jpg 1536w, https:\/\/carolineloeb.com\/wp-content\/uploads\/2021\/01\/page_106-2048x1340.jpg 2048w\" sizes=\"(max-width: 2560px) 100vw, 2560px\" \/>\n\t\t\t<\/div><\/figure><figure class='gallery-item'>\n\t\t\t<div class='gallery-icon landscape'>\n\t\t\t\t<img loading=\"lazy\" decoding=\"async\" width=\"2560\" height=\"1675\" src=\"https:\/\/carolineloeb.com\/wp-content\/uploads\/2021\/01\/page_84-scaled.jpg\" class=\"attachment-full size-full\" alt=\"\" srcset=\"https:\/\/carolineloeb.com\/wp-content\/uploads\/2021\/01\/page_84-scaled.jpg 2560w, https:\/\/carolineloeb.com\/wp-content\/uploads\/2021\/01\/page_84-300x196.jpg 300w, https:\/\/carolineloeb.com\/wp-content\/uploads\/2021\/01\/page_84-1024x670.jpg 1024w, https:\/\/carolineloeb.com\/wp-content\/uploads\/2021\/01\/page_84-768x502.jpg 768w, https:\/\/carolineloeb.com\/wp-content\/uploads\/2021\/01\/page_84-1536x1005.jpg 1536w, https:\/\/carolineloeb.com\/wp-content\/uploads\/2021\/01\/page_84-2048x1340.jpg 2048w\" sizes=\"(max-width: 2560px) 100vw, 2560px\" \/>\n\t\t\t<\/div><\/figure><figure class='gallery-item'>\n\t\t\t<div class='gallery-icon landscape'>\n\t\t\t\t<img loading=\"lazy\" decoding=\"async\" width=\"2560\" height=\"1675\" src=\"https:\/\/carolineloeb.com\/wp-content\/uploads\/2021\/01\/page_76-scaled.jpg\" class=\"attachment-full size-full\" alt=\"\" srcset=\"https:\/\/carolineloeb.com\/wp-content\/uploads\/2021\/01\/page_76-scaled.jpg 2560w, https:\/\/carolineloeb.com\/wp-content\/uploads\/2021\/01\/page_76-300x196.jpg 300w, https:\/\/carolineloeb.com\/wp-content\/uploads\/2021\/01\/page_76-1024x670.jpg 1024w, https:\/\/carolineloeb.com\/wp-content\/uploads\/2021\/01\/page_76-768x502.jpg 768w, https:\/\/carolineloeb.com\/wp-content\/uploads\/2021\/01\/page_76-1536x1005.jpg 1536w, https:\/\/carolineloeb.com\/wp-content\/uploads\/2021\/01\/page_76-2048x1340.jpg 2048w\" sizes=\"(max-width: 2560px) 100vw, 2560px\" \/>\n\t\t\t<\/div><\/figure><figure class='gallery-item'>\n\t\t\t<div class='gallery-icon landscape'>\n\t\t\t\t<img loading=\"lazy\" decoding=\"async\" width=\"2560\" height=\"1675\" src=\"https:\/\/carolineloeb.com\/wp-content\/uploads\/2021\/01\/page_74-scaled.jpg\" class=\"attachment-full size-full\" alt=\"\" srcset=\"https:\/\/carolineloeb.com\/wp-content\/uploads\/2021\/01\/page_74-scaled.jpg 2560w, https:\/\/carolineloeb.com\/wp-content\/uploads\/2021\/01\/page_74-300x196.jpg 300w, https:\/\/carolineloeb.com\/wp-content\/uploads\/2021\/01\/page_74-1024x670.jpg 1024w, https:\/\/carolineloeb.com\/wp-content\/uploads\/2021\/01\/page_74-768x502.jpg 768w, https:\/\/carolineloeb.com\/wp-content\/uploads\/2021\/01\/page_74-1536x1005.jpg 1536w, https:\/\/carolineloeb.com\/wp-content\/uploads\/2021\/01\/page_74-2048x1340.jpg 2048w\" sizes=\"(max-width: 2560px) 100vw, 2560px\" \/>\n\t\t\t<\/div><\/figure><figure class='gallery-item'>\n\t\t\t<div class='gallery-icon landscape'>\n\t\t\t\t<img loading=\"lazy\" decoding=\"async\" width=\"2560\" height=\"1675\" src=\"https:\/\/carolineloeb.com\/wp-content\/uploads\/2021\/01\/page_70-scaled.jpg\" class=\"attachment-full size-full\" alt=\"\" srcset=\"https:\/\/carolineloeb.com\/wp-content\/uploads\/2021\/01\/page_70-scaled.jpg 2560w, https:\/\/carolineloeb.com\/wp-content\/uploads\/2021\/01\/page_70-300x196.jpg 300w, https:\/\/carolineloeb.com\/wp-content\/uploads\/2021\/01\/page_70-1024x670.jpg 1024w, https:\/\/carolineloeb.com\/wp-content\/uploads\/2021\/01\/page_70-768x502.jpg 768w, https:\/\/carolineloeb.com\/wp-content\/uploads\/2021\/01\/page_70-1536x1005.jpg 1536w, https:\/\/carolineloeb.com\/wp-content\/uploads\/2021\/01\/page_70-2048x1340.jpg 2048w\" sizes=\"(max-width: 2560px) 100vw, 2560px\" \/>\n\t\t\t<\/div><\/figure><figure class='gallery-item'>\n\t\t\t<div class='gallery-icon landscape'>\n\t\t\t\t<img loading=\"lazy\" decoding=\"async\" width=\"2560\" height=\"1675\" src=\"https:\/\/carolineloeb.com\/wp-content\/uploads\/2021\/01\/page_62-scaled.jpg\" class=\"attachment-full size-full\" alt=\"\" srcset=\"https:\/\/carolineloeb.com\/wp-content\/uploads\/2021\/01\/page_62-scaled.jpg 2560w, https:\/\/carolineloeb.com\/wp-content\/uploads\/2021\/01\/page_62-300x196.jpg 300w, https:\/\/carolineloeb.com\/wp-content\/uploads\/2021\/01\/page_62-1024x670.jpg 1024w, https:\/\/carolineloeb.com\/wp-content\/uploads\/2021\/01\/page_62-768x502.jpg 768w, https:\/\/carolineloeb.com\/wp-content\/uploads\/2021\/01\/page_62-1536x1005.jpg 1536w, https:\/\/carolineloeb.com\/wp-content\/uploads\/2021\/01\/page_62-2048x1340.jpg 2048w\" sizes=\"(max-width: 2560px) 100vw, 2560px\" \/>\n\t\t\t<\/div><\/figure><figure class='gallery-item'>\n\t\t\t<div class='gallery-icon landscape'>\n\t\t\t\t<img loading=\"lazy\" decoding=\"async\" width=\"2560\" height=\"1675\" src=\"https:\/\/carolineloeb.com\/wp-content\/uploads\/2021\/01\/page_50-scaled.jpg\" class=\"attachment-full size-full\" alt=\"\" srcset=\"https:\/\/carolineloeb.com\/wp-content\/uploads\/2021\/01\/page_50-scaled.jpg 2560w, https:\/\/carolineloeb.com\/wp-content\/uploads\/2021\/01\/page_50-300x196.jpg 300w, https:\/\/carolineloeb.com\/wp-content\/uploads\/2021\/01\/page_50-1024x670.jpg 1024w, https:\/\/carolineloeb.com\/wp-content\/uploads\/2021\/01\/page_50-768x502.jpg 768w, https:\/\/carolineloeb.com\/wp-content\/uploads\/2021\/01\/page_50-1536x1005.jpg 1536w, https:\/\/carolineloeb.com\/wp-content\/uploads\/2021\/01\/page_50-2048x1340.jpg 2048w\" sizes=\"(max-width: 2560px) 100vw, 2560px\" \/>\n\t\t\t<\/div><\/figure>\n\t\t<\/div>\n\t\t<\/div>\n\t\t\t\t\t\t<\/div>\n\t\t\t\t<\/div>\n\t\t\t\t\t<\/div>\n\t\t<\/div>\n\t\t\t\t\t<\/div>\n\t\t<\/section>\n\t\t\t\t<footer class=\"elementor-section elementor-top-section elementor-element elementor-element-faadbc7 elementor-section-stretched elementor-section-boxed elementor-section-height-default elementor-section-height-default\" data-id=\"faadbc7\" data-element_type=\"section\" data-e-type=\"section\" data-settings=\"{&quot;background_background&quot;:&quot;classic&quot;,&quot;stretch_section&quot;:&quot;section-stretched&quot;}\">\n\t\t\t\t\t\t<div class=\"elementor-container elementor-column-gap-default\">\n\t\t\t\t\t<footer class=\"elementor-column elementor-col-100 elementor-top-column elementor-element elementor-element-b685007\" data-id=\"b685007\" data-element_type=\"column\" data-e-type=\"column\">\n\t\t\t<div class=\"elementor-widget-wrap elementor-element-populated\">\n\t\t\t\t\t\t<div class=\"elementor-element elementor-element-2653a2d elementor-widget elementor-widget-heading\" data-id=\"2653a2d\" data-element_type=\"widget\" data-e-type=\"widget\" data-widget_type=\"heading.default\">\n\t\t\t\t<div class=\"elementor-widget-container\">\n\t\t\t\t\t<h2 class=\"elementor-heading-title elementor-size-default\">\u00a9 Site r\u00e9alis\u00e9 par Lisa Marcellin - Cr\u00e9dit photo : Sabine Villiard<\/h2>\t\t\t\t<\/div>\n\t\t\t\t<\/div>\n\t\t\t\t\t<\/div>\n\t\t<\/footer>\n\t\t\t\t\t<\/div>\n\t\t<\/footer>\n\t\t\t\t<\/div>\n\t\t","protected":false},"excerpt":{"rendered":"<p>Portfolio Blog Contacts Dates de tourn\u00e9e Dossiers de presse Mes ann\u00e9es 80 \u2026 Hamburger Toggle Menu aper\u00e7u de mes ann\u00e9es 80 de A \u00e0 Z \u00a9 Site r\u00e9alis\u00e9 par Lisa Marcellin &#8211; Cr\u00e9dit photo : Sabine Villiard<\/p>\n","protected":false},"author":1,"featured_media":0,"parent":0,"menu_order":0,"comment_status":"closed","ping_status":"closed","template":"elementor_canvas","meta":{"footnotes":""},"class_list":["post-544","page","type-page","status-publish","hentry"],"_links":{"self":[{"href":"https:\/\/carolineloeb.com\/index.php?rest_route=\/wp\/v2\/pages\/544","targetHints":{"allow":["GET"]}}],"collection":[{"href":"https:\/\/carolineloeb.com\/index.php?rest_route=\/wp\/v2\/pages"}],"about":[{"href":"https:\/\/carolineloeb.com\/index.php?rest_route=\/wp\/v2\/types\/page"}],"author":[{"embeddable":true,"href":"https:\/\/carolineloeb.com\/index.php?rest_route=\/wp\/v2\/users\/1"}],"replies":[{"embeddable":true,"href":"https:\/\/carolineloeb.com\/index.php?rest_route=%2Fwp%2Fv2%2Fcomments&post=544"}],"version-history":[{"count":28,"href":"https:\/\/carolineloeb.com\/index.php?rest_route=\/wp\/v2\/pages\/544\/revisions"}],"predecessor-version":[{"id":1324,"href":"https:\/\/carolineloeb.com\/index.php?rest_route=\/wp\/v2\/pages\/544\/revisions\/1324"}],"wp:attachment":[{"href":"https:\/\/carolineloeb.com\/index.php?rest_route=%2Fwp%2Fv2%2Fmedia&parent=544"}],"curies":[{"name":"wp","href":"https:\/\/api.w.org\/{rel}","templated":true}]}}