{"id":82,"date":"2020-10-19T15:24:49","date_gmt":"2020-10-19T13:24:49","guid":{"rendered":"http:\/\/carolineloeb.com\/?page_id=82"},"modified":"2025-02-19T19:47:14","modified_gmt":"2025-02-19T18:47:14","slug":"mes-contacts","status":"publish","type":"page","link":"https:\/\/carolineloeb.com\/?page_id=82","title":{"rendered":"contacts"},"content":{"rendered":"\t\t<div data-elementor-type=\"wp-page\" data-elementor-id=\"82\" class=\"elementor elementor-82\">\n\t\t\t\t\t\t<section class=\"elementor-section elementor-top-section elementor-element elementor-element-6ac1a76 elementor-hidden-mobile elementor-section-height-full elementor-hidden-tablet elementor-section-items-stretch elementor-section-content-space-between elementor-section-boxed elementor-section-height-default\" data-id=\"6ac1a76\" data-element_type=\"section\" data-e-type=\"section\" data-settings=\"{&quot;background_background&quot;:&quot;classic&quot;}\">\n\t\t\t\t\t\t<div class=\"elementor-container elementor-column-gap-default\">\n\t\t\t\t\t<div class=\"elementor-column elementor-col-100 elementor-top-column elementor-element elementor-element-0c8692b elementor-hidden-tablet elementor-hidden-phone\" data-id=\"0c8692b\" data-element_type=\"column\" data-e-type=\"column\">\n\t\t\t<div class=\"elementor-widget-wrap elementor-element-populated\">\n\t\t\t\t\t\t<section class=\"elementor-section elementor-inner-section elementor-element elementor-element-aa122bc elementor-section-full_width elementor-section-height-default elementor-section-height-default\" data-id=\"aa122bc\" data-element_type=\"section\" data-e-type=\"section\">\n\t\t\t\t\t\t<div class=\"elementor-container elementor-column-gap-default\">\n\t\t\t\t\t<div class=\"elementor-column elementor-col-50 elementor-inner-column elementor-element elementor-element-4cc18da\" data-id=\"4cc18da\" data-element_type=\"column\" data-e-type=\"column\">\n\t\t\t<div class=\"elementor-widget-wrap elementor-element-populated\">\n\t\t\t\t\t\t<div class=\"elementor-element elementor-element-8eae93b elementor-widget elementor-widget-image\" data-id=\"8eae93b\" data-element_type=\"widget\" data-e-type=\"widget\" data-widget_type=\"image.default\">\n\t\t\t\t<div class=\"elementor-widget-container\">\n\t\t\t\t\t\t\t\t\t\t\t\t\t\t\t\t<a href=\"http:\/\/carolineloeb.com\/\">\n\t\t\t\t\t\t\t<img fetchpriority=\"high\" decoding=\"async\" width=\"512\" height=\"512\" src=\"https:\/\/carolineloeb.com\/wp-content\/uploads\/2021\/01\/logo1.png\" class=\"attachment-full size-full wp-image-549\" alt=\"\" srcset=\"https:\/\/carolineloeb.com\/wp-content\/uploads\/2021\/01\/logo1.png 512w, https:\/\/carolineloeb.com\/wp-content\/uploads\/2021\/01\/logo1-300x300.png 300w, https:\/\/carolineloeb.com\/wp-content\/uploads\/2021\/01\/logo1-150x150.png 150w\" sizes=\"(max-width: 512px) 100vw, 512px\" \/>\t\t\t\t\t\t\t\t<\/a>\n\t\t\t\t\t\t\t\t\t\t\t\t\t\t\t<\/div>\n\t\t\t\t<\/div>\n\t\t\t\t\t<\/div>\n\t\t<\/div>\n\t\t\t\t<header class=\"elementor-column elementor-col-50 elementor-inner-column elementor-element elementor-element-f2520bf\" data-id=\"f2520bf\" data-element_type=\"column\" data-e-type=\"column\">\n\t\t\t<div class=\"elementor-widget-wrap elementor-element-populated\">\n\t\t\t\t\t\t<div class=\"elementor-element elementor-element-3d12b8c eael_simple_menu_hamburger_disable_selected_menu_hide eael-simple-menu-hamburger-align-right eael-hamburger--tablet elementor-widget elementor-widget-eael-simple-menu\" data-id=\"3d12b8c\" data-element_type=\"widget\" data-e-type=\"widget\" data-widget_type=\"eael-simple-menu.default\">\n\t\t\t\t<div class=\"elementor-widget-container\">\n\t\t\t\t\t<style>\n                        @media screen and (max-width: 1024px) {\n                            .eael-hamburger--tablet {\n                                .eael-simple-menu-horizontal,\n                                .eael-simple-menu-vertical {\n                                    display: none;\n                                }\n                            }\n                            .eael-hamburger--tablet {\n                                .eael-simple-menu-container .eael-simple-menu-toggle {\n                                    display: block;\n                                }\n                            }\n                        }\n                        .eael-simple-menu-container.eael-simple-menu--loading > ul {\n                            display: -webkit-box !important;\n                            display: -ms-flexbox !important;\n                            display: flex !important;\n                            list-style: none !important;\n                        }\n                        .eael-simple-menu-container.eael-simple-menu--loading li ul {\n                            visibility: hidden !important;\n                            opacity: 0 !important;\n                        }\n                    <\/style>            <div data-hamburger-icon=\"&lt;i aria-hidden=&quot;true&quot; class=&quot;fas fa-bars&quot;&gt;&lt;\/i&gt;\" data-indicator-icon=\"&lt;i aria-hidden=&quot;true&quot; class=&quot;fas fa-angle-down&quot;&gt;&lt;\/i&gt;\" data-dropdown-indicator-icon=\"&lt;i class=&quot;fas fa-angle-down&quot;&gt;&lt;\/i&gt;\" class=\"eael-simple-menu-container eael-simple-menu--loading eael-simple-menu-align-right eael-simple-menu--stretch eael-simple-menu-dropdown-align-left preset-3\" data-hamburger-breakpoints=\"{&quot;mobile&quot;:&quot;Portrait mobile (&gt; 767px)&quot;,&quot;tablet&quot;:&quot;Tablette en mode portrait (&gt; 1024px)&quot;,&quot;desktop&quot;:&quot;Desktop (&gt; 2400px)&quot;,&quot;none&quot;:&quot;None&quot;}\" data-hamburger-device=\"tablet\">\n                <ul id=\"menu-menu-1\" class=\"eael-simple-menu eael-simple-menu-dropdown-animate-fade eael-simple-menu-indicator eael-simple-menu-horizontal\"><li id=\"menu-item-90\" class=\"menu-item menu-item-type-post_type menu-item-object-page menu-item-90\"><a href=\"https:\/\/carolineloeb.com\/?page_id=78\">Portfolio<\/a><\/li>\n<li id=\"menu-item-152\" class=\"menu-item menu-item-type-custom menu-item-object-custom menu-item-152\"><a target=\"_blank\" href=\"http:\/\/carolineloeb.blogspot.com\/\">Blog<\/a><\/li>\n<li id=\"menu-item-88\" class=\"menu-item menu-item-type-post_type menu-item-object-page menu-item-88\"><a href=\"https:\/\/carolineloeb.com\/?page_id=82\">Contacts<\/a><\/li>\n<li id=\"menu-item-154\" class=\"menu-item menu-item-type-post_type menu-item-object-page menu-item-154\"><a href=\"https:\/\/carolineloeb.com\/?page_id=84\">Dates de tourn\u00e9e<\/a><\/li>\n<li id=\"menu-item-157\" class=\"menu-item menu-item-type-post_type menu-item-object-page menu-item-157\"><a href=\"https:\/\/carolineloeb.com\/?page_id=155\">Dossiers de presse<\/a><\/li>\n<li id=\"menu-item-546\" class=\"menu-item menu-item-type-post_type menu-item-object-page menu-item-546\"><a href=\"https:\/\/carolineloeb.com\/?page_id=544\">Mes ann\u00e9es 80 \u2026<\/a><\/li>\n<\/ul>                <button class=\"eael-simple-menu-toggle\">\n                    <span class=\"sr-only \">Hamburger Toggle Menu<\/span>\n                    <i aria-hidden=\"true\" class=\"fas fa-bars\"><\/i>                <\/button>\n            <\/div>\n            \t\t\t\t<\/div>\n\t\t\t\t<\/div>\n\t\t\t\t\t<\/div>\n\t\t<\/header>\n\t\t\t\t\t<\/div>\n\t\t<\/section>\n\t\t\t\t<div class=\"elementor-element elementor-element-0cac594 elementor-widget elementor-widget-heading\" data-id=\"0cac594\" data-element_type=\"widget\" data-e-type=\"widget\" data-widget_type=\"heading.default\">\n\t\t\t\t<div class=\"elementor-widget-container\">\n\t\t\t\t\t<h1 class=\"elementor-heading-title elementor-size-default\">POUR ME CONTACTER<\/h1>\t\t\t\t<\/div>\n\t\t\t\t<\/div>\n\t\t\t\t<section class=\"elementor-section elementor-inner-section elementor-element elementor-element-f586537 elementor-section-full_width elementor-section-height-default elementor-section-height-default\" data-id=\"f586537\" data-element_type=\"section\" data-e-type=\"section\">\n\t\t\t\t\t\t<div class=\"elementor-container elementor-column-gap-default\">\n\t\t\t\t\t<div class=\"elementor-column elementor-col-50 elementor-inner-column elementor-element elementor-element-41f3d97\" data-id=\"41f3d97\" data-element_type=\"column\" data-e-type=\"column\">\n\t\t\t<div class=\"elementor-widget-wrap elementor-element-populated\">\n\t\t\t\t\t\t<div class=\"elementor-element elementor-element-39c1c97 elementor-widget elementor-widget-heading\" data-id=\"39c1c97\" data-element_type=\"widget\" data-e-type=\"widget\" data-widget_type=\"heading.default\">\n\t\t\t\t<div class=\"elementor-widget-container\">\n\t\t\t\t\t<h2 class=\"elementor-heading-title elementor-size-default\">attach\u00e9e de presse \/\/ contact tourn\u00e9e<\/h2>\t\t\t\t<\/div>\n\t\t\t\t<\/div>\n\t\t\t\t<div class=\"elementor-element elementor-element-dc3ea1f elementor-widget elementor-widget-text-editor\" data-id=\"dc3ea1f\" data-element_type=\"widget\" data-e-type=\"widget\" data-widget_type=\"text-editor.default\">\n\t\t\t\t<div class=\"elementor-widget-container\">\n\t\t\t\t\t\t\t\t\t<p style=\"text-align: center; font-family: 'Archivo', sans-serif; font-size: 16pt;\">Sandrine Donzel<\/p>\n<p style=\"text-align: center; font-family: 'Archivo', sans-serif; font-size: 15pt;\"><span style=\"text-decoration: underline;\"><a href=\"mailto:sandrinedonzel@gmail.com\">sandrinedonzel@gmail.com<\/a><\/span><\/p>\t\t\t\t\t\t\t\t<\/div>\n\t\t\t\t<\/div>\n\t\t\t\t\t<\/div>\n\t\t<\/div>\n\t\t\t\t<div class=\"elementor-column elementor-col-50 elementor-inner-column elementor-element elementor-element-d81de6d\" data-id=\"d81de6d\" data-element_type=\"column\" data-e-type=\"column\">\n\t\t\t<div class=\"elementor-widget-wrap elementor-element-populated\">\n\t\t\t\t\t\t<div class=\"elementor-element elementor-element-6596f1e elementor-widget elementor-widget-heading\" data-id=\"6596f1e\" data-element_type=\"widget\" data-e-type=\"widget\" data-widget_type=\"heading.default\">\n\t\t\t\t<div class=\"elementor-widget-container\">\n\t\t\t\t\t<h2 class=\"elementor-heading-title elementor-size-default\">agent<\/h2>\t\t\t\t<\/div>\n\t\t\t\t<\/div>\n\t\t\t\t<div class=\"elementor-element elementor-element-73940c5 elementor-widget elementor-widget-text-editor\" data-id=\"73940c5\" data-element_type=\"widget\" data-e-type=\"widget\" data-widget_type=\"text-editor.default\">\n\t\t\t\t<div class=\"elementor-widget-container\">\n\t\t\t\t\t\t\t\t\t<p style=\"text-align: center; font-family: 'Archivo', sans-serif; font-size: 16pt;\">Marie-Claude Schwartz<\/p>\n<p style=\"text-align: center; font-family: 'Archivo', sans-serif; font-size: 15pt;\"><span style=\"text-decoration: underline;\"><a href=\"mailto:agencemcschwartz@gmail.com\">agencemcschwartz@gmail.com<\/a><\/span><\/p>\t\t\t\t\t\t\t\t<\/div>\n\t\t\t\t<\/div>\n\t\t\t\t\t<\/div>\n\t\t<\/div>\n\t\t\t\t\t<\/div>\n\t\t<\/section>\n\t\t\t\t<div class=\"elementor-element elementor-element-812a0b5 elementor-widget elementor-widget-heading\" data-id=\"812a0b5\" data-element_type=\"widget\" data-e-type=\"widget\" data-widget_type=\"heading.default\">\n\t\t\t\t<div class=\"elementor-widget-container\">\n\t\t\t\t\t<h2 class=\"elementor-heading-title elementor-size-default\">\u00a9 Site r\u00e9alis\u00e9 par Lisa Marcellin - Cr\u00e9dit photo : Sabine Villiard<\/h2>\t\t\t\t<\/div>\n\t\t\t\t<\/div>\n\t\t\t\t\t<\/div>\n\t\t<\/div>\n\t\t\t\t\t<\/div>\n\t\t<\/section>\n\t\t\t\t<section class=\"elementor-section elementor-top-section elementor-element elementor-element-9a0c162 elementor-hidden-desktop elementor-section-height-full elementor-section-content-space-between elementor-section-boxed elementor-section-height-default elementor-section-items-middle\" data-id=\"9a0c162\" data-element_type=\"section\" data-e-type=\"section\" data-settings=\"{&quot;background_background&quot;:&quot;classic&quot;}\">\n\t\t\t\t\t\t<div class=\"elementor-container elementor-column-gap-wider\">\n\t\t\t\t\t<div class=\"elementor-column elementor-col-16 elementor-top-column elementor-element elementor-element-195d3a9\" data-id=\"195d3a9\" data-element_type=\"column\" data-e-type=\"column\">\n\t\t\t<div class=\"elementor-widget-wrap elementor-element-populated\">\n\t\t\t\t\t\t<div class=\"elementor-element elementor-element-7058e26 elementor-widget elementor-widget-image\" data-id=\"7058e26\" data-element_type=\"widget\" data-e-type=\"widget\" data-widget_type=\"image.default\">\n\t\t\t\t<div class=\"elementor-widget-container\">\n\t\t\t\t\t\t\t\t\t\t\t\t\t\t\t\t<a href=\"http:\/\/carolineloeb.com\/\">\n\t\t\t\t\t\t\t<img fetchpriority=\"high\" decoding=\"async\" width=\"512\" height=\"512\" src=\"https:\/\/carolineloeb.com\/wp-content\/uploads\/2021\/01\/logo1.png\" class=\"attachment-full size-full wp-image-549\" alt=\"\" srcset=\"https:\/\/carolineloeb.com\/wp-content\/uploads\/2021\/01\/logo1.png 512w, https:\/\/carolineloeb.com\/wp-content\/uploads\/2021\/01\/logo1-300x300.png 300w, https:\/\/carolineloeb.com\/wp-content\/uploads\/2021\/01\/logo1-150x150.png 150w\" sizes=\"(max-width: 512px) 100vw, 512px\" \/>\t\t\t\t\t\t\t\t<\/a>\n\t\t\t\t\t\t\t\t\t\t\t\t\t\t\t<\/div>\n\t\t\t\t<\/div>\n\t\t\t\t\t<\/div>\n\t\t<\/div>\n\t\t\t\t<header class=\"elementor-column elementor-col-16 elementor-top-column elementor-element elementor-element-0dd05f2\" data-id=\"0dd05f2\" data-element_type=\"column\" data-e-type=\"column\">\n\t\t\t<div class=\"elementor-widget-wrap elementor-element-populated\">\n\t\t\t\t\t\t<div class=\"elementor-element elementor-element-52c3f73 eael_simple_menu_hamburger_disable_selected_menu_hide eael-simple-menu-hamburger-align-right eael-hamburger--tablet elementor-widget elementor-widget-eael-simple-menu\" data-id=\"52c3f73\" data-element_type=\"widget\" data-e-type=\"widget\" data-widget_type=\"eael-simple-menu.default\">\n\t\t\t\t<div class=\"elementor-widget-container\">\n\t\t\t\t\t<style>\n                        @media screen and (max-width: 1024px) {\n                            .eael-hamburger--tablet {\n                                .eael-simple-menu-horizontal,\n                                .eael-simple-menu-vertical {\n                                    display: none;\n                                }\n                            }\n                            .eael-hamburger--tablet {\n                                .eael-simple-menu-container .eael-simple-menu-toggle {\n                                    display: block;\n                                }\n                            }\n                        }\n                        .eael-simple-menu-container.eael-simple-menu--loading > ul {\n                            display: -webkit-box !important;\n                            display: -ms-flexbox !important;\n                            display: flex !important;\n                            list-style: none !important;\n                        }\n                        .eael-simple-menu-container.eael-simple-menu--loading li ul {\n                            visibility: hidden !important;\n                            opacity: 0 !important;\n                        }\n                    <\/style>            <div data-hamburger-icon=\"&lt;i aria-hidden=&quot;true&quot; class=&quot;fas fa-bars&quot;&gt;&lt;\/i&gt;\" data-indicator-icon=\"&lt;i aria-hidden=&quot;true&quot; class=&quot;fas fa-angle-down&quot;&gt;&lt;\/i&gt;\" data-dropdown-indicator-icon=\"&lt;i class=&quot;fas fa-angle-down&quot;&gt;&lt;\/i&gt;\" class=\"eael-simple-menu-container eael-simple-menu--loading eael-simple-menu-align-right eael-simple-menu--stretch eael-simple-menu-dropdown-align-left preset-3\" data-hamburger-breakpoints=\"{&quot;mobile&quot;:&quot;Portrait mobile (&gt; 767px)&quot;,&quot;tablet&quot;:&quot;Tablette en mode portrait (&gt; 1024px)&quot;,&quot;desktop&quot;:&quot;Desktop (&gt; 2400px)&quot;,&quot;none&quot;:&quot;None&quot;}\" data-hamburger-device=\"tablet\">\n                <ul id=\"menu-menu-2\" class=\"eael-simple-menu eael-simple-menu-dropdown-animate-fade eael-simple-menu-indicator eael-simple-menu-horizontal\"><li class=\"menu-item menu-item-type-post_type menu-item-object-page menu-item-90\"><a href=\"https:\/\/carolineloeb.com\/?page_id=78\">Portfolio<\/a><\/li>\n<li class=\"menu-item menu-item-type-custom menu-item-object-custom menu-item-152\"><a target=\"_blank\" href=\"http:\/\/carolineloeb.blogspot.com\/\">Blog<\/a><\/li>\n<li class=\"menu-item menu-item-type-post_type menu-item-object-page menu-item-88\"><a href=\"https:\/\/carolineloeb.com\/?page_id=82\">Contacts<\/a><\/li>\n<li class=\"menu-item menu-item-type-post_type menu-item-object-page menu-item-154\"><a href=\"https:\/\/carolineloeb.com\/?page_id=84\">Dates de tourn\u00e9e<\/a><\/li>\n<li class=\"menu-item menu-item-type-post_type menu-item-object-page menu-item-157\"><a href=\"https:\/\/carolineloeb.com\/?page_id=155\">Dossiers de presse<\/a><\/li>\n<li class=\"menu-item menu-item-type-post_type menu-item-object-page menu-item-546\"><a href=\"https:\/\/carolineloeb.com\/?page_id=544\">Mes ann\u00e9es 80 \u2026<\/a><\/li>\n<\/ul>                <button class=\"eael-simple-menu-toggle\">\n                    <span class=\"sr-only \">Hamburger Toggle Menu<\/span>\n                    <i aria-hidden=\"true\" class=\"fas fa-bars\"><\/i>                <\/button>\n            <\/div>\n            \t\t\t\t<\/div>\n\t\t\t\t<\/div>\n\t\t\t\t\t<\/div>\n\t\t<\/header>\n\t\t\t\t<div class=\"elementor-column elementor-col-16 elementor-top-column elementor-element elementor-element-e9b6c91\" data-id=\"e9b6c91\" data-element_type=\"column\" data-e-type=\"column\">\n\t\t\t<div class=\"elementor-widget-wrap elementor-element-populated\">\n\t\t\t\t\t\t<div class=\"elementor-element elementor-element-b8e93a6 elementor-widget elementor-widget-heading\" data-id=\"b8e93a6\" data-element_type=\"widget\" data-e-type=\"widget\" data-widget_type=\"heading.default\">\n\t\t\t\t<div class=\"elementor-widget-container\">\n\t\t\t\t\t<h1 class=\"elementor-heading-title elementor-size-default\">POUR ME CONTACTER<\/h1>\t\t\t\t<\/div>\n\t\t\t\t<\/div>\n\t\t\t\t\t<\/div>\n\t\t<\/div>\n\t\t\t\t<div class=\"elementor-column elementor-col-16 elementor-top-column elementor-element elementor-element-e5c0205\" data-id=\"e5c0205\" data-element_type=\"column\" data-e-type=\"column\">\n\t\t\t<div class=\"elementor-widget-wrap elementor-element-populated\">\n\t\t\t\t\t\t<div class=\"elementor-element elementor-element-83d63ec elementor-widget elementor-widget-heading\" data-id=\"83d63ec\" data-element_type=\"widget\" data-e-type=\"widget\" data-widget_type=\"heading.default\">\n\t\t\t\t<div class=\"elementor-widget-container\">\n\t\t\t\t\t<h2 class=\"elementor-heading-title elementor-size-default\"><h2 class=\"elementor-heading-title elementor-size-default elementor-inline-editing pen\" data-elementor-setting-key=\"title\" data-pen-placeholder=\"\u00c9crivez ici...\" style=\"font-style: normal\">ATTACH\u00c9E DE PRESSE \/\/ \ncontact tourn\u00e9e<\/h2><\/h2>\t\t\t\t<\/div>\n\t\t\t\t<\/div>\n\t\t\t\t<div class=\"elementor-element elementor-element-806b70b elementor-widget elementor-widget-text-editor\" data-id=\"806b70b\" data-element_type=\"widget\" data-e-type=\"widget\" data-widget_type=\"text-editor.default\">\n\t\t\t\t<div class=\"elementor-widget-container\">\n\t\t\t\t\t\t\t\t\t<p style=\"text-align: center; font-family: 'Archivo', sans-serif; font-size: 10pt;\">Sandrine Donzel<\/p><p style=\"text-align: center; font-family: 'Archivo', sans-serif; font-size: 12pt;\"><span style=\"text-decoration: underline;\"><a href=\"mailto:sandrinedonzel@gmail.com\">sandrinedonzel@gmail.com<\/a><\/span><\/p>\t\t\t\t\t\t\t\t<\/div>\n\t\t\t\t<\/div>\n\t\t\t\t\t<\/div>\n\t\t<\/div>\n\t\t\t\t<div class=\"elementor-column elementor-col-16 elementor-top-column elementor-element elementor-element-a0b0953\" data-id=\"a0b0953\" data-element_type=\"column\" data-e-type=\"column\">\n\t\t\t<div class=\"elementor-widget-wrap elementor-element-populated\">\n\t\t\t\t\t\t<div class=\"elementor-element elementor-element-6722154 elementor-widget elementor-widget-heading\" data-id=\"6722154\" data-element_type=\"widget\" data-e-type=\"widget\" data-widget_type=\"heading.default\">\n\t\t\t\t<div class=\"elementor-widget-container\">\n\t\t\t\t\t<h2 class=\"elementor-heading-title elementor-size-default\">agent<\/h2>\t\t\t\t<\/div>\n\t\t\t\t<\/div>\n\t\t\t\t<div class=\"elementor-element elementor-element-6c36115 elementor-widget elementor-widget-text-editor\" data-id=\"6c36115\" data-element_type=\"widget\" data-e-type=\"widget\" data-widget_type=\"text-editor.default\">\n\t\t\t\t<div class=\"elementor-widget-container\">\n\t\t\t\t\t\t\t\t\t<p style=\"text-align: center; font-family: 'Archivo', sans-serif; font-size: 10pt;\">Marie-Claude Schwartz<\/p><p style=\"text-align: center; font-family: 'Archivo', sans-serif; font-size: 12pt;\"><span style=\"text-decoration: underline;\"><a href=\"mailto:agencemcschwartz@gmail.com\">agencemcschwartz@gmail.com<\/a><\/span><\/p>\t\t\t\t\t\t\t\t<\/div>\n\t\t\t\t<\/div>\n\t\t\t\t\t<\/div>\n\t\t<\/div>\n\t\t\t\t<footer class=\"elementor-column elementor-col-16 elementor-top-column elementor-element elementor-element-f554408\" data-id=\"f554408\" data-element_type=\"column\" data-e-type=\"column\">\n\t\t\t<div class=\"elementor-widget-wrap elementor-element-populated\">\n\t\t\t\t\t\t<div class=\"elementor-element elementor-element-b3274a4 elementor-widget elementor-widget-heading\" data-id=\"b3274a4\" data-element_type=\"widget\" data-e-type=\"widget\" data-widget_type=\"heading.default\">\n\t\t\t\t<div class=\"elementor-widget-container\">\n\t\t\t\t\t<p class=\"elementor-heading-title elementor-size-default\">\u00a9 Site r\u00e9alis\u00e9 par Lisa Marcellin - Cr\u00e9dit photo : Sabine Villiard<\/p>\t\t\t\t<\/div>\n\t\t\t\t<\/div>\n\t\t\t\t\t<\/div>\n\t\t<\/footer>\n\t\t\t\t\t<\/div>\n\t\t<\/section>\n\t\t\t\t<\/div>\n\t\t","protected":false},"excerpt":{"rendered":"<p>Portfolio Blog Contacts Dates de tourn\u00e9e Dossiers de presse Mes ann\u00e9es 80 \u2026 Hamburger Toggle Menu POUR ME CONTACTER attach\u00e9e de presse \/\/ contact tourn\u00e9e Sandrine Donzel sandrinedonzel@gmail.com agent Marie-Claude Schwartz agencemcschwartz@gmail.com \u00a9 Site r\u00e9alis\u00e9 par Lisa Marcellin &#8211; Cr\u00e9dit photo : Sabine Villiard Portfolio Blog Contacts Dates de tourn\u00e9e Dossiers de presse Mes ann\u00e9es [&hellip;]<\/p>\n","protected":false},"author":1,"featured_media":0,"parent":11,"menu_order":0,"comment_status":"closed","ping_status":"closed","template":"elementor_canvas","meta":{"footnotes":""},"class_list":["post-82","page","type-page","status-publish","hentry"],"_links":{"self":[{"href":"https:\/\/carolineloeb.com\/index.php?rest_route=\/wp\/v2\/pages\/82","targetHints":{"allow":["GET"]}}],"collection":[{"href":"https:\/\/carolineloeb.com\/index.php?rest_route=\/wp\/v2\/pages"}],"about":[{"href":"https:\/\/carolineloeb.com\/index.php?rest_route=\/wp\/v2\/types\/page"}],"author":[{"embeddable":true,"href":"https:\/\/carolineloeb.com\/index.php?rest_route=\/wp\/v2\/users\/1"}],"replies":[{"embeddable":true,"href":"https:\/\/carolineloeb.com\/index.php?rest_route=%2Fwp%2Fv2%2Fcomments&post=82"}],"version-history":[{"count":96,"href":"https:\/\/carolineloeb.com\/index.php?rest_route=\/wp\/v2\/pages\/82\/revisions"}],"predecessor-version":[{"id":1312,"href":"https:\/\/carolineloeb.com\/index.php?rest_route=\/wp\/v2\/pages\/82\/revisions\/1312"}],"up":[{"embeddable":true,"href":"https:\/\/carolineloeb.com\/index.php?rest_route=\/wp\/v2\/pages\/11"}],"wp:attachment":[{"href":"https:\/\/carolineloeb.com\/index.php?rest_route=%2Fwp%2Fv2%2Fmedia&parent=82"}],"curies":[{"name":"wp","href":"https:\/\/api.w.org\/{rel}","templated":true}]}}